{"id":216047,"date":"2020-03-31T06:38:37","date_gmt":"2020-03-31T05:38:37","guid":{"rendered":"https:\/\/real-estate-mauritius.mu\/contact\/"},"modified":"2026-04-15T09:43:11","modified_gmt":"2026-04-15T08:43:11","slug":"contact-westimmo-real-estate-agency-mauritius","status":"publish","type":"page","link":"https:\/\/real-estate-mauritius.mu\/en\/contact-westimmo-real-estate-agency-mauritius\/","title":{"rendered":"Real Estate Agency in Mauritius"},"content":{"rendered":"\t\t<div data-elementor-type=\"wp-page\" data-elementor-id=\"216047\" class=\"elementor elementor-216047 elementor-46551\" data-elementor-post-type=\"page\">\n\t\t\t\t<div class=\"elementor-element elementor-element-63e77d9c e-con-full e-flex e-con e-parent\" data-id=\"63e77d9c\" data-element_type=\"container\" data-e-type=\"container\">\n\t\t\t\t<div class=\"elementor-element elementor-element-600ad503 elementor-widget elementor-widget-html\" data-id=\"600ad503\" data-element_type=\"widget\" data-e-type=\"widget\" data-widget_type=\"html.default\">\n\t\t\t\t\t<style>\n.westimmo-hero {\n    position: relative;\n    width: 100%;\n    min-height: 600px;\n    display: flex;\n    align-items: center;\n    justify-content: center;\n    overflow: hidden;\n    background-color: #1d1d1d;\n}\n.westimmo-hero-background {\n    position: absolute;\n    top: 0;\n    left: 0;\n    width: 100%;\n    height: 100%;\n    z-index: 1;\n}\n.westimmo-hero-background img {\n    width: 100%;\n    height: 100%;\n    object-fit: cover;\n    display: block;\n}\n.westimmo-hero-overlay {\n    position: absolute;\n    top: 0;\n    left: 0;\n    width: 100%;\n    height: 100%;\n    background: linear-gradient(135deg, rgba(21,110,131,0.7) 0%, rgba(29,29,29,0.8) 100%);\n    z-index: 2;\n}\n.westimmo-hero-content {\n    position: relative;\n    z-index: 3;\n    text-align: center;\n    color: #ffffff;\n    padding: 60px 20px;\n    max-width: 1000px;\n    margin: 0 auto;\n}\n.westimmo-hero-subtitle {\n    font-family: 'Inter', sans-serif;\n    font-size: 14px;\n    font-weight: 600;\n    letter-spacing: 2px;\n    text-transform: uppercase;\n    color: #ffffff;\n    opacity: 0.9;\n    margin-bottom: 20px;\n}\n.westimmo-hero-title {\n    font-family: 'Playfair Display', serif;\n    font-size: 56px;\n    font-weight: 700;\n    line-height: 1.2;\n    color: #ffffff;\n    margin: 0 0 30px 0;\n    text-shadow: 0 2px 20px rgba(0,0,0,0.3);\n}\n.westimmo-hero-description {\n    font-family: 'Inter', sans-serif;\n    font-size: 18px;\n    font-weight: 400;\n    line-height: 1.6;\n    color: #ffffff;\n    opacity: 0.95;\n    margin: 0;\n    max-width: 700px;\n    margin-left: auto;\n    margin-right: auto;\n}\n@media (max-width: 768px) {\n    .westimmo-hero { min-height: 500px; }\n    .westimmo-hero-content { padding: 40px 20px; }\n    .westimmo-hero-subtitle { font-size: 12px; margin-bottom: 15px; }\n    .westimmo-hero-title { font-size: 36px; margin-bottom: 20px; }\n    .westimmo-hero-description { font-size: 16px; }\n}\n@media (max-width: 480px) {\n    .westimmo-hero { min-height: 450px; }\n    .westimmo-hero-title { font-size: 28px; }\n    .westimmo-hero-description { font-size: 15px; }\n}\n<\/style>\n\n<div class=\"westimmo-hero\">\n    <div class=\"westimmo-hero-background\">\n        <img decoding=\"async\" id=\"westimmo-hero-img\" src=\"\" alt=\"\">\n    <\/div>\n    <div class=\"westimmo-hero-overlay\"><\/div>\n    <div class=\"westimmo-hero-content\">\n        <div class=\"westimmo-hero-subtitle\">\n            Westimmo is here to help\n        <\/div>\n        <h1 class=\"westimmo-hero-title\" id=\"westimmo-hero-title\"><\/h1>\n        <p class=\"westimmo-hero-description\">\n            Contact Westimmo, real estate agency in Mauritius, to discuss your buying, selling or investment project.\n        <\/p>\n    <\/div>\n<\/div>\n\n<script>\n(function() {\n    function loadHeroData() {\n        if (window.westimmoHeroData) {\n            document.getElementById('westimmo-hero-title').textContent = window.westimmoHeroData.title;\n            document.getElementById('westimmo-hero-img').src = window.westimmoHeroData.image;\n            document.getElementById('westimmo-hero-img').alt = window.westimmoHeroData.title;\n        } else {\n            setTimeout(loadHeroData, 100);\n        }\n    }\n    if (document.readyState === 'loading') {\n        document.addEventListener('DOMContentLoaded', loadHeroData);\n    } else {\n        loadHeroData();\n    }\n})();\n<\/script>\t\t\t\t<\/div>\n\t\t\t\t<\/div>\n\t\t<div class=\"elementor-element elementor-element-78c31d51 e-con-full e-flex e-con e-parent\" data-id=\"78c31d51\" data-element_type=\"container\" data-e-type=\"container\">\n\t\t\t\t<div class=\"elementor-element elementor-element-5303893 elementor-widget elementor-widget-html\" data-id=\"5303893\" data-element_type=\"widget\" data-e-type=\"widget\" data-widget_type=\"html.default\">\n\t\t\t\t\t<style>.sw-breadcrumb-bar {\n  background: #ffffff;\n  border-top: 1px solid rgba(1,5,105,.08);\n  border-bottom: 1px solid rgba(1,5,105,.08);\n  padding: 10px 0;\n  width: 100%;\n  box-sizing: border-box;\n}\n\n.sw-breadcrumb-bar * { box-sizing: border-box; }\n\n.sw-breadcrumb-container {\n  max-width: 1240px;\n  margin: 0 auto;\n  padding: 0 10px;\n  width: 100%;\n}\n\n.sw-breadcrumb-container span {\n  font-family: 'Rubik', sans-serif;\n  font-size: 13px;\n  color: #156e83;\n}\n\n.sw-breadcrumb-container a {\n  color: #156e83;\n  text-decoration: none;\n  transition: color 0.2s ease;\n}\n\n.sw-breadcrumb-container a:hover {\n  color: #0234d3;\n}\n\n.sw-breadcrumb-container span:last-child {\n  color: #242f51;\n  font-weight: 500;\n}\n\n@media (max-width: 768px) {\n  .sw-breadcrumb-bar { padding: 12px 0; }\n  .sw-breadcrumb-container span,\n  .sw-breadcrumb-container a { font-size: 12px; }\n}\n<\/style><div class=\"sw-breadcrumb-bar\"><div class=\"sw-breadcrumb-container\"><div class=\"sw-grandbay-hero-breadcrumb\"><span><span><a href=\"https:\/\/real-estate-mauritius.mu\/en\/\">Accueil<\/a><\/span><\/span><\/div>\n  <\/div><\/div>\t\t\t\t<\/div>\n\t\t\t\t<\/div>\n\t\t\t\t<\/div>\n\t\t","protected":false},"excerpt":{"rendered":"<p>Contact WESTIMMO, your real estate agency in Mauritius, to buy, sell or rent a property. Take advantage of our expertise to find your ideal property. We offer a wide selection of properties, from apartments to luxury villas. Trust our experienced team to bring your real estate projects to life in Mauritius<\/p>\n","protected":false},"author":1,"featured_media":271576,"parent":0,"menu_order":0,"comment_status":"closed","ping_status":"closed","template":"","meta":{"_acf_changed":false,"_yoast_wpseo_focuskw":"contact westimmo","_yoast_wpseo_title":"Contact Westimmo: Real Estate Agency in Mauritius","_yoast_wpseo_metadesc":"Contact Westimmo, real estate agency in Mauritius, to discuss your property project, ask questions or arrange an appointment.","footnotes":""},"class_list":["post-216047","page","type-page","status-publish","has-post-thumbnail","hentry"],"acf":[],"yoast_head":"<!-- This site is optimized with the Yoast SEO Premium plugin v25.9 (Yoast SEO v27.4) - https:\/\/yoast.com\/product\/yoast-seo-premium-wordpress\/ -->\n<title>Contact Westimmo: Real Estate Agency in Mauritius<\/title>\n<meta name=\"description\" content=\"Contact Westimmo, real estate agency in Mauritius, to discuss your property project, ask questions or arrange an appointment.\" \/>\n<meta name=\"robots\" content=\"index, follow, max-snippet:-1, max-image-preview:large, max-video-preview:-1\" \/>\n<link rel=\"canonical\" href=\"https:\/\/real-estate-mauritius.mu\/en\/contact-westimmo-real-estate-agency-mauritius\/\" \/>\n<meta property=\"og:locale\" content=\"en_US\" \/>\n<meta property=\"og:type\" content=\"article\" \/>\n<meta property=\"og:title\" content=\"Real Estate Agency in Mauritius\" \/>\n<meta property=\"og:description\" content=\"Contact Westimmo, real estate agency in Mauritius, to discuss your property project, ask questions or arrange an appointment.\" \/>\n<meta property=\"og:url\" content=\"https:\/\/real-estate-mauritius.mu\/en\/contact-westimmo-real-estate-agency-mauritius\/\" \/>\n<meta property=\"og:site_name\" content=\"Westimmo\" \/>\n<meta property=\"article:publisher\" content=\"https:\/\/www.facebook.com\/westimmo.real.estate\" \/>\n<meta property=\"article:modified_time\" content=\"2026-04-15T08:43:11+00:00\" \/>\n<meta property=\"og:image\" content=\"https:\/\/real-estate-mauritius.mu\/wp-content\/uploads\/villas-One-Only-Sain-Geran-by-Westimmo-luxury-real-estate-176.jpg\" \/>\n\t<meta property=\"og:image:width\" content=\"1260\" \/>\n\t<meta property=\"og:image:height\" content=\"945\" \/>\n\t<meta property=\"og:image:type\" content=\"image\/jpeg\" \/>\n<meta name=\"twitter:label1\" content=\"Est. reading time\" \/>\n\t<meta name=\"twitter:data1\" content=\"2 minutes\" \/>\n<script type=\"application\/ld+json\" class=\"yoast-schema-graph\">{\"@context\":\"https:\\\/\\\/schema.org\",\"@graph\":[{\"@type\":\"WebPage\",\"@id\":\"https:\\\/\\\/real-estate-mauritius.mu\\\/en\\\/contact-westimmo-real-estate-agency-mauritius\\\/\",\"url\":\"https:\\\/\\\/real-estate-mauritius.mu\\\/en\\\/contact-westimmo-real-estate-agency-mauritius\\\/\",\"name\":\"Contact Westimmo: Real Estate Agency in Mauritius\",\"isPartOf\":{\"@id\":\"https:\\\/\\\/real-estate-mauritius.mu\\\/en\\\/#website\"},\"primaryImageOfPage\":{\"@id\":\"https:\\\/\\\/real-estate-mauritius.mu\\\/en\\\/contact-westimmo-real-estate-agency-mauritius\\\/#primaryimage\"},\"image\":{\"@id\":\"https:\\\/\\\/real-estate-mauritius.mu\\\/en\\\/contact-westimmo-real-estate-agency-mauritius\\\/#primaryimage\"},\"thumbnailUrl\":\"https:\\\/\\\/real-estate-mauritius.mu\\\/wp-content\\\/uploads\\\/villas-One-Only-Sain-Geran-by-Westimmo-luxury-real-estate-176.jpg\",\"datePublished\":\"2020-03-31T05:38:37+00:00\",\"dateModified\":\"2026-04-15T08:43:11+00:00\",\"description\":\"Contact Westimmo, real estate agency in Mauritius, to discuss your property project, ask questions or arrange an appointment.\",\"breadcrumb\":{\"@id\":\"https:\\\/\\\/real-estate-mauritius.mu\\\/en\\\/contact-westimmo-real-estate-agency-mauritius\\\/#breadcrumb\"},\"inLanguage\":\"en-US\",\"potentialAction\":[{\"@type\":\"ReadAction\",\"target\":[\"https:\\\/\\\/real-estate-mauritius.mu\\\/en\\\/contact-westimmo-real-estate-agency-mauritius\\\/\"]}]},{\"@type\":\"ImageObject\",\"inLanguage\":\"en-US\",\"@id\":\"https:\\\/\\\/real-estate-mauritius.mu\\\/en\\\/contact-westimmo-real-estate-agency-mauritius\\\/#primaryimage\",\"url\":\"https:\\\/\\\/real-estate-mauritius.mu\\\/wp-content\\\/uploads\\\/villas-One-Only-Sain-Geran-by-Westimmo-luxury-real-estate-176.jpg\",\"contentUrl\":\"https:\\\/\\\/real-estate-mauritius.mu\\\/wp-content\\\/uploads\\\/villas-One-Only-Sain-Geran-by-Westimmo-luxury-real-estate-176.jpg\",\"width\":1260,\"height\":945,\"caption\":\"Villa de luxe One&Only au Saint G\u00e9ran - Ile Maurice - H\u00f4tel 5 \u00e9toiles avec restaurant gastronomique\"},{\"@type\":\"BreadcrumbList\",\"@id\":\"https:\\\/\\\/real-estate-mauritius.mu\\\/en\\\/contact-westimmo-real-estate-agency-mauritius\\\/#breadcrumb\",\"itemListElement\":[{\"@type\":\"ListItem\",\"position\":1,\"name\":\"Accueil\",\"item\":\"https:\\\/\\\/real-estate-mauritius.mu\\\/en\\\/\"},{\"@type\":\"ListItem\",\"position\":2,\"name\":\"Real Estate Agency in Mauritius\"}]},{\"@type\":\"WebSite\",\"@id\":\"https:\\\/\\\/real-estate-mauritius.mu\\\/en\\\/#website\",\"url\":\"https:\\\/\\\/real-estate-mauritius.mu\\\/en\\\/\",\"name\":\"Westimmo - Luxury Real Estate Mauritius\",\"description\":\"Votre vision, notre mission : un accompagnement personnalis\u00e9 et sans faille\",\"publisher\":{\"@id\":\"https:\\\/\\\/real-estate-mauritius.mu\\\/en\\\/#organization\"},\"alternateName\":\"Westimmo\",\"potentialAction\":[{\"@type\":\"SearchAction\",\"target\":{\"@type\":\"EntryPoint\",\"urlTemplate\":\"https:\\\/\\\/real-estate-mauritius.mu\\\/en\\\/?s={search_term_string}\"},\"query-input\":{\"@type\":\"PropertyValueSpecification\",\"valueRequired\":true,\"valueName\":\"search_term_string\"}}],\"inLanguage\":\"en-US\"},{\"@type\":\"Organization\",\"@id\":\"https:\\\/\\\/real-estate-mauritius.mu\\\/en\\\/#organization\",\"name\":\"Westimmo - Luxury Real Estate Mauritius\",\"alternateName\":\"Westimmo Real Estate Mauritius\",\"url\":\"https:\\\/\\\/real-estate-mauritius.mu\\\/en\\\/\",\"logo\":{\"@type\":\"ImageObject\",\"inLanguage\":\"en-US\",\"@id\":\"https:\\\/\\\/real-estate-mauritius.mu\\\/en\\\/#\\\/schema\\\/logo\\\/image\\\/\",\"url\":\"https:\\\/\\\/real-estate-mauritius.mu\\\/wp-content\\\/uploads\\\/Reall-estate-agency-in-mauritius-Luxury-real-estate-by-Westimmo.jpg\",\"contentUrl\":\"https:\\\/\\\/real-estate-mauritius.mu\\\/wp-content\\\/uploads\\\/Reall-estate-agency-in-mauritius-Luxury-real-estate-by-Westimmo.jpg\",\"width\":696,\"height\":696,\"caption\":\"Westimmo - Luxury Real Estate Mauritius\"},\"image\":{\"@id\":\"https:\\\/\\\/real-estate-mauritius.mu\\\/en\\\/#\\\/schema\\\/logo\\\/image\\\/\"},\"sameAs\":[\"https:\\\/\\\/www.facebook.com\\\/westimmo.real.estate\",\"https:\\\/\\\/x.com\\\/westimmolive\",\"https:\\\/\\\/www.instagram.com\\\/westimmomauritius\\\/\",\"https:\\\/\\\/www.linkedin.com\\\/in\\\/westimmo-real-estate-mauritius\\\/\",\"https:\\\/\\\/www.youtube.com\\\/@realestatemauritius\",\"https:\\\/\\\/wa.me\\\/23054834666\",\"https:\\\/\\\/wa.me\\\/23057406021\"],\"description\":\"Agence immobili\u00e8re 3.0 Nous b\u00e9n\u00e9ficions d\u2019une solide r\u00e9putation sur l\u2019\u00eele Maurice et des partenaires de confiance \u00e0 l\u2019international. Forts de 15 ans d\u2019exp\u00e9rience dans le secteur du luxe \u00e0 Meg\u00e8ve, Monaco et Gen\u00e8ve, nous offrons une qualit\u00e9 de service haut de gamme avec un suivi personnalis\u00e9.\",\"email\":\"westimmo@gmx.fr\",\"telephone\":\"+23057406021\",\"legalName\":\"Westimmo\",\"numberOfEmployees\":{\"@type\":\"QuantitativeValue\",\"minValue\":\"1\",\"maxValue\":\"10\"}}]}<\/script>\n<!-- \/ Yoast SEO Premium plugin. -->","yoast_head_json":{"title":"Contact Westimmo: Real Estate Agency in Mauritius","description":"Contact Westimmo, real estate agency in Mauritius, to discuss your property project, ask questions or arrange an appointment.","robots":{"index":"index","follow":"follow","max-snippet":"max-snippet:-1","max-image-preview":"max-image-preview:large","max-video-preview":"max-video-preview:-1"},"canonical":"https:\/\/real-estate-mauritius.mu\/en\/contact-westimmo-real-estate-agency-mauritius\/","og_locale":"en_US","og_type":"article","og_title":"Real Estate Agency in Mauritius","og_description":"Contact Westimmo, real estate agency in Mauritius, to discuss your property project, ask questions or arrange an appointment.","og_url":"https:\/\/real-estate-mauritius.mu\/en\/contact-westimmo-real-estate-agency-mauritius\/","og_site_name":"Westimmo","article_publisher":"https:\/\/www.facebook.com\/westimmo.real.estate","article_modified_time":"2026-04-15T08:43:11+00:00","og_image":[{"width":1260,"height":945,"url":"https:\/\/real-estate-mauritius.mu\/wp-content\/uploads\/villas-One-Only-Sain-Geran-by-Westimmo-luxury-real-estate-176.jpg","type":"image\/jpeg"}],"twitter_misc":{"Est. reading time":"2 minutes"},"schema":{"@context":"https:\/\/schema.org","@graph":[{"@type":"WebPage","@id":"https:\/\/real-estate-mauritius.mu\/en\/contact-westimmo-real-estate-agency-mauritius\/","url":"https:\/\/real-estate-mauritius.mu\/en\/contact-westimmo-real-estate-agency-mauritius\/","name":"Contact Westimmo: Real Estate Agency in Mauritius","isPartOf":{"@id":"https:\/\/real-estate-mauritius.mu\/en\/#website"},"primaryImageOfPage":{"@id":"https:\/\/real-estate-mauritius.mu\/en\/contact-westimmo-real-estate-agency-mauritius\/#primaryimage"},"image":{"@id":"https:\/\/real-estate-mauritius.mu\/en\/contact-westimmo-real-estate-agency-mauritius\/#primaryimage"},"thumbnailUrl":"https:\/\/real-estate-mauritius.mu\/wp-content\/uploads\/villas-One-Only-Sain-Geran-by-Westimmo-luxury-real-estate-176.jpg","datePublished":"2020-03-31T05:38:37+00:00","dateModified":"2026-04-15T08:43:11+00:00","description":"Contact Westimmo, real estate agency in Mauritius, to discuss your property project, ask questions or arrange an appointment.","breadcrumb":{"@id":"https:\/\/real-estate-mauritius.mu\/en\/contact-westimmo-real-estate-agency-mauritius\/#breadcrumb"},"inLanguage":"en-US","potentialAction":[{"@type":"ReadAction","target":["https:\/\/real-estate-mauritius.mu\/en\/contact-westimmo-real-estate-agency-mauritius\/"]}]},{"@type":"ImageObject","inLanguage":"en-US","@id":"https:\/\/real-estate-mauritius.mu\/en\/contact-westimmo-real-estate-agency-mauritius\/#primaryimage","url":"https:\/\/real-estate-mauritius.mu\/wp-content\/uploads\/villas-One-Only-Sain-Geran-by-Westimmo-luxury-real-estate-176.jpg","contentUrl":"https:\/\/real-estate-mauritius.mu\/wp-content\/uploads\/villas-One-Only-Sain-Geran-by-Westimmo-luxury-real-estate-176.jpg","width":1260,"height":945,"caption":"Villa de luxe One&Only au Saint G\u00e9ran - Ile Maurice - H\u00f4tel 5 \u00e9toiles avec restaurant gastronomique"},{"@type":"BreadcrumbList","@id":"https:\/\/real-estate-mauritius.mu\/en\/contact-westimmo-real-estate-agency-mauritius\/#breadcrumb","itemListElement":[{"@type":"ListItem","position":1,"name":"Accueil","item":"https:\/\/real-estate-mauritius.mu\/en\/"},{"@type":"ListItem","position":2,"name":"Real Estate Agency in Mauritius"}]},{"@type":"WebSite","@id":"https:\/\/real-estate-mauritius.mu\/en\/#website","url":"https:\/\/real-estate-mauritius.mu\/en\/","name":"Westimmo - Luxury Real Estate Mauritius","description":"Votre vision, notre mission : un accompagnement personnalis\u00e9 et sans faille","publisher":{"@id":"https:\/\/real-estate-mauritius.mu\/en\/#organization"},"alternateName":"Westimmo","potentialAction":[{"@type":"SearchAction","target":{"@type":"EntryPoint","urlTemplate":"https:\/\/real-estate-mauritius.mu\/en\/?s={search_term_string}"},"query-input":{"@type":"PropertyValueSpecification","valueRequired":true,"valueName":"search_term_string"}}],"inLanguage":"en-US"},{"@type":"Organization","@id":"https:\/\/real-estate-mauritius.mu\/en\/#organization","name":"Westimmo - Luxury Real Estate Mauritius","alternateName":"Westimmo Real Estate Mauritius","url":"https:\/\/real-estate-mauritius.mu\/en\/","logo":{"@type":"ImageObject","inLanguage":"en-US","@id":"https:\/\/real-estate-mauritius.mu\/en\/#\/schema\/logo\/image\/","url":"https:\/\/real-estate-mauritius.mu\/wp-content\/uploads\/Reall-estate-agency-in-mauritius-Luxury-real-estate-by-Westimmo.jpg","contentUrl":"https:\/\/real-estate-mauritius.mu\/wp-content\/uploads\/Reall-estate-agency-in-mauritius-Luxury-real-estate-by-Westimmo.jpg","width":696,"height":696,"caption":"Westimmo - Luxury Real Estate Mauritius"},"image":{"@id":"https:\/\/real-estate-mauritius.mu\/en\/#\/schema\/logo\/image\/"},"sameAs":["https:\/\/www.facebook.com\/westimmo.real.estate","https:\/\/x.com\/westimmolive","https:\/\/www.instagram.com\/westimmomauritius\/","https:\/\/www.linkedin.com\/in\/westimmo-real-estate-mauritius\/","https:\/\/www.youtube.com\/@realestatemauritius","https:\/\/wa.me\/23054834666","https:\/\/wa.me\/23057406021"],"description":"Agence immobili\u00e8re 3.0 Nous b\u00e9n\u00e9ficions d\u2019une solide r\u00e9putation sur l\u2019\u00eele Maurice et des partenaires de confiance \u00e0 l\u2019international. Forts de 15 ans d\u2019exp\u00e9rience dans le secteur du luxe \u00e0 Meg\u00e8ve, Monaco et Gen\u00e8ve, nous offrons une qualit\u00e9 de service haut de gamme avec un suivi personnalis\u00e9.","email":"westimmo@gmx.fr","telephone":"+23057406021","legalName":"Westimmo","numberOfEmployees":{"@type":"QuantitativeValue","minValue":"1","maxValue":"10"}}]}},"_links":{"self":[{"href":"https:\/\/real-estate-mauritius.mu\/en\/wp-json\/wp\/v2\/pages\/216047","targetHints":{"allow":["GET"]}}],"collection":[{"href":"https:\/\/real-estate-mauritius.mu\/en\/wp-json\/wp\/v2\/pages"}],"about":[{"href":"https:\/\/real-estate-mauritius.mu\/en\/wp-json\/wp\/v2\/types\/page"}],"author":[{"embeddable":true,"href":"https:\/\/real-estate-mauritius.mu\/en\/wp-json\/wp\/v2\/users\/1"}],"replies":[{"embeddable":true,"href":"https:\/\/real-estate-mauritius.mu\/en\/wp-json\/wp\/v2\/comments?post=216047"}],"version-history":[{"count":31,"href":"https:\/\/real-estate-mauritius.mu\/en\/wp-json\/wp\/v2\/pages\/216047\/revisions"}],"predecessor-version":[{"id":321106,"href":"https:\/\/real-estate-mauritius.mu\/en\/wp-json\/wp\/v2\/pages\/216047\/revisions\/321106"}],"wp:featuredmedia":[{"embeddable":true,"href":"https:\/\/real-estate-mauritius.mu\/en\/wp-json\/wp\/v2\/media\/271576"}],"wp:attachment":[{"href":"https:\/\/real-estate-mauritius.mu\/en\/wp-json\/wp\/v2\/media?parent=216047"}],"curies":[{"name":"wp","href":"https:\/\/api.w.org\/{rel}","templated":true}]}}