{"id":241186,"date":"2022-02-16T11:35:29","date_gmt":"2022-02-16T10:35:29","guid":{"rendered":"https:\/\/real-estate-mauritius.mu\/short-term-rental-mauritius\/"},"modified":"2022-02-26T13:13:22","modified_gmt":"2022-02-26T12:13:22","slug":"short-term-rental-mauritius","status":"publish","type":"page","link":"https:\/\/real-estate-mauritius.mu\/en\/short-term-rental-mauritius\/","title":{"rendered":"Short term rental"},"content":{"rendered":"<p>[et_pb_section fb_built=&#8221;1&#8243; custom_padding_last_edited=&#8221;on|phone&#8221; _builder_version=&#8221;4.4.0&#8243; _dynamic_attributes=&#8221;background_image&#8221; background_image=&#8221;@ET-DC@eyJkeW5hbWljIjp0cnVlLCJjb250ZW50IjoicG9zdF9mZWF0dXJlZF9pbWFnZSIsInNldHRpbmdzIjp7fX0=@&#8221; width_tablet=&#8221;&#8221; width_phone=&#8221;&#8221; width_last_edited=&#8221;on|phone&#8221; min_height=&#8221;856px&#8221; min_height_tablet=&#8221;433px&#8221; min_height_phone=&#8221;370px&#8221; min_height_last_edited=&#8221;on|phone&#8221; height=&#8221;856px&#8221; height_tablet=&#8221;433px&#8221; height_phone=&#8221;290px&#8221; height_last_edited=&#8221;on|tablet&#8221; max_height_tablet=&#8221;&#8221; max_height_phone=&#8221;375px&#8221; max_height_last_edited=&#8221;on|tablet&#8221; custom_margin=&#8221;||||false|false&#8221; custom_padding=&#8221;4%||0px||false|false&#8221; custom_padding_tablet=&#8221;3%||||false|false&#8221; custom_padding_phone=&#8221;0%||||false|false&#8221; background_last_edited=&#8221;on|desktop&#8221; background_enable_color_tablet=&#8221;off&#8221; use_background_color_gradient_tablet=&#8221;off&#8221; background_color_gradient_end_tablet=&#8221;rgba(0,0,0,0.43)&#8221;][et_pb_row _builder_version=&#8221;4.4.2&#8243; background_enable_color=&#8221;off&#8221; use_background_color_gradient=&#8221;on&#8221; background_color_gradient_start=&#8221;rgba(0,0,0,0.67)&#8221; background_color_gradient_end=&#8221;rgba(0,0,0,0.23)&#8221; width=&#8221;100%&#8221; max_width=&#8221;100%&#8221; module_alignment=&#8221;center&#8221; min_height=&#8221;856px&#8221; min_height_tablet=&#8221;470px&#8221; min_height_phone=&#8221;370px&#8221; min_height_last_edited=&#8221;on|phone&#8221; height=&#8221;470px&#8221; height_tablet=&#8221;&#8221; height_phone=&#8221;&#8221; height_last_edited=&#8221;on|desktop&#8221; custom_margin=&#8221;-67px||||false|false&#8221; custom_padding=&#8221;115px||||false|false&#8221;][et_pb_column type=&#8221;4_4&#8243; _builder_version=&#8221;4.4.0&#8243; custom_padding=&#8221;0px||0px|0px|false|false&#8221; border_width_all=&#8221;-1px&#8221; border_color_all=&#8221;#ffffff&#8221;][et_pb_text _builder_version=&#8221;4.4.2&#8243; text_font=&#8221;|600|||||||&#8221; text_text_color=&#8221;#ffffff&#8221; text_font_size=&#8221;40px&#8221; text_letter_spacing=&#8221;10px&#8221; background_color=&#8221;rgba(255,255,255,0.17)&#8221; width=&#8221;50%&#8221; width_tablet=&#8221;63%&#8221; width_phone=&#8221;75%&#8221; width_last_edited=&#8221;on|tablet&#8221; max_width=&#8221;100%&#8221; module_alignment=&#8221;center&#8221; min_height=&#8221;93px&#8221; min_height_tablet=&#8221;&#8221; min_height_phone=&#8221;90px&#8221; min_height_last_edited=&#8221;on|phone&#8221; height=&#8221;95px&#8221; height_tablet=&#8221;&#8221; height_phone=&#8221;90px&#8221; height_last_edited=&#8221;on|phone&#8221; custom_margin_tablet=&#8221;||34px|129px|false|false&#8221; custom_margin_phone=&#8221;-20px||35px||false|false&#8221; custom_margin_last_edited=&#8221;on|desktop&#8221; custom_padding=&#8221;50px||85px||false|false&#8221; custom_padding_tablet=&#8221;35px||56px||false|false&#8221; custom_padding_phone=&#8221;28px||0px||false|false&#8221; custom_padding_last_edited=&#8221;on|phone&#8221; text_font_size_tablet=&#8221;35px&#8221; text_font_size_phone=&#8221;25px&#8221; text_font_size_last_edited=&#8221;on|tablet&#8221; border_width_all=&#8221;3px&#8221; border_color_all=&#8221;#ffffff&#8221;]<\/p>\n<p style=\"text-align: center;\">RENTAL<\/p>\n<p>[\/et_pb_text][et_pb_text _builder_version=&#8221;4.4.2&#8243; text_font=&#8221;|600|||||||&#8221; text_text_color=&#8221;#000000&#8243; text_font_size=&#8221;19px&#8221; text_letter_spacing=&#8221;3px&#8221; header_2_font=&#8221;|600|||||||&#8221; header_2_font_size=&#8221;19px&#8221; width=&#8221;19%&#8221; width_tablet=&#8221;33%&#8221; width_phone=&#8221;49%&#8221; width_last_edited=&#8221;on|desktop&#8221; module_alignment=&#8221;center&#8221; custom_margin=&#8221;-68px||||false|false&#8221; custom_margin_tablet=&#8221;-57px|||230px|false|false&#8221; custom_margin_phone=&#8221;-55px||||false|false&#8221; custom_margin_last_edited=&#8221;on|phone&#8221; custom_padding=&#8221;12px||4px||false|false&#8221; custom_padding_tablet=&#8221;12px||4px||false|false&#8221; custom_padding_phone=&#8221;10px||1px||false|false&#8221; custom_padding_last_edited=&#8221;on|tablet&#8221; text_font_size_tablet=&#8221;17px&#8221; text_font_size_phone=&#8221;15px&#8221; text_font_size_last_edited=&#8221;on|phone&#8221; header_2_font_size_tablet=&#8221;17px&#8221; header_2_font_size_phone=&#8221;15px&#8221; header_2_font_size_last_edited=&#8221;on|phone&#8221; border_color_all=&#8221;#ffffff&#8221;]<\/p>\n<h2 style=\"text-align: center;\">All our rentals<\/h2>\n<p>[\/et_pb_text][et_pb_text content_tablet=&#8221;&#8221; content_phone=&#8221;&#8221; content_last_edited=&#8221;on|phone&#8221; _builder_version=&#8221;4.4.0&#8243; text_font=&#8221;|700|||||||&#8221; text_text_color=&#8221;#ffffff&#8221; text_font_size=&#8221;20px&#8221; text_letter_spacing=&#8221;1px&#8221; background_color=&#8221;rgba(0,0,0,0)&#8221; custom_margin=&#8221;-21px||||false|false&#8221; text_font_size_tablet=&#8221;18px&#8221; text_font_size_phone=&#8221;14px&#8221; text_font_size_last_edited=&#8221;on|phone&#8221;]<\/p>\n<p style=\"text-align: center;\"><span id=\"p10\">All our villas, apartments, <span id=\"11\">penthouses<\/span> for rent on Mauirce Island<br \/><\/span><\/p>\n<p>[\/et_pb_text][\/et_pb_column][\/et_pb_row][et_pb_row column_structure=&#8221;2_3,1_3&#8243; _builder_version=&#8221;4.4.0&#8243; background_color=&#8221;#ffffff&#8221; background_size=&#8221;initial&#8221; background_position=&#8221;top_left&#8221; background_repeat=&#8221;repeat&#8221; custom_margin=&#8221;-14.5%|auto||auto|false|false&#8221; custom_margin_tablet=&#8221;-12%||||false|false&#8221; custom_margin_phone=&#8221;-15%||||false|false&#8221; custom_margin_last_edited=&#8221;on|tablet&#8221; custom_padding=&#8221;|20px||20px|false|false&#8221; box_shadow_style=&#8221;preset1&#8243; box_shadow_blur=&#8221;80px&#8221; box_shadow_color=&#8221;rgba(0,0,0,0.15)&#8221; box_shadow_vertical__hover_enabled=&#8221;off|desktop&#8221;][et_pb_column type=&#8221;2_3&#8243; _builder_version=&#8221;3.25&#8243; custom_padding=&#8221;|||&#8221; custom_padding__hover=&#8221;|||&#8221;][et_pb_sidebar disabled_on=&#8221;off|off|on&#8221; _builder_version=&#8221;4.4.0&#8243; module_alignment=&#8221;center&#8221;][\/et_pb_sidebar][et_pb_text _builder_version=&#8221;4.4.7&#8243; header_3_font=&#8221;|800|||||||&#8221; header_3_text_color=&#8221;#000000&#8243; background_size=&#8221;initial&#8221; background_position=&#8221;top_left&#8221; background_repeat=&#8221;repeat&#8221; hover_enabled=&#8221;0&#8243;]<\/p>\n<h3 class=\"epl-alert epl-shortcode-results-message epl-shortcode-results-message-default\">Nothing found, please check back later.<\/h3>\n<p>&nbsp;<\/p>\n<p>[\/et_pb_text][\/et_pb_column][et_pb_column type=&#8221;1_3&#8243; _builder_version=&#8221;3.25&#8243; custom_padding=&#8221;|||&#8221; custom_padding__hover=&#8221;|||&#8221;][et_pb_sidebar disabled_on=&#8221;on|on|off&#8221; _builder_version=&#8221;4.4.0&#8243;][\/et_pb_sidebar][et_pb_text disabled_on=&#8221;on|on|off&#8221; _builder_version=&#8221;4.4.0&#8243; text_font_size=&#8221;24px&#8221;]<\/p>\n<p>Our sales<\/p>\n<p>[\/et_pb_text][et_pb_divider color=&#8221;#1fd7e0&#8243; divider_weight=&#8221;2px&#8221; disabled_on=&#8221;on|on|off&#8221; _builder_version=&#8221;4.4.0&#8243; width=&#8221;20%&#8221; custom_margin=&#8221;-11px||-1px||false|false&#8221;][\/et_pb_divider][et_pb_blog post_type=&#8221;property&#8221; posts_number=&#8221;5&#8243; _builder_version=&#8221;4.4.0&#8243;][\/et_pb_blog][\/et_pb_column][\/et_pb_row][\/et_pb_section][et_pb_section fb_built=&#8221;1&#8243; _builder_version=&#8221;4.4.0&#8243; background_color=&#8221;rgba(0,0,0,0)&#8221;][et_pb_row _builder_version=&#8221;4.4.0&#8243; custom_padding=&#8221;220px|||||&#8221;][et_pb_column type=&#8221;4_4&#8243; _builder_version=&#8221;4.4.0&#8243;][\/et_pb_column][\/et_pb_row][\/et_pb_section]<\/p>\n","protected":false},"excerpt":{"rendered":"<p>Westimmo real estate agency in Mauritius. We are here to accompany you throughout your rental in Mauritius, villa, apartment, waterfront.<\/p>\n","protected":false},"author":1,"featured_media":215595,"parent":0,"menu_order":0,"comment_status":"closed","ping_status":"closed","template":"","meta":{"_acf_changed":false,"_yoast_wpseo_focuskw":"mauritius rental","_yoast_wpseo_title":"","_yoast_wpseo_metadesc":"Westimmo real estate agency in Mauritius. We are here to accompany you throughout your rental in Mauritius, villa, apartment, waterfront.","footnotes":""},"class_list":["post-241186","page","type-page","status-publish","has-post-thumbnail","hentry"],"acf":[],"yoast_head":"<!-- This site is optimized with the Yoast SEO Premium plugin v25.9 (Yoast SEO v27.4) - https:\/\/yoast.com\/product\/yoast-seo-premium-wordpress\/ -->\n<title>Short term rental - Westimmo<\/title>\n<meta name=\"description\" content=\"Westimmo real estate agency in Mauritius. We are here to accompany you throughout your rental in Mauritius, villa, apartment, waterfront.\" \/>\n<meta name=\"robots\" content=\"index, follow, max-snippet:-1, max-image-preview:large, max-video-preview:-1\" \/>\n<link rel=\"canonical\" href=\"https:\/\/real-estate-mauritius.mu\/en\/short-term-rental-mauritius\/\" \/>\n<meta property=\"og:locale\" content=\"en_US\" \/>\n<meta property=\"og:type\" content=\"article\" \/>\n<meta property=\"og:title\" content=\"Short term rental\" \/>\n<meta property=\"og:description\" content=\"Westimmo real estate agency in Mauritius. We are here to accompany you throughout your rental in Mauritius, villa, apartment, waterfront.\" \/>\n<meta property=\"og:url\" content=\"https:\/\/real-estate-mauritius.mu\/en\/short-term-rental-mauritius\/\" \/>\n<meta property=\"og:site_name\" content=\"Westimmo\" \/>\n<meta property=\"article:publisher\" content=\"https:\/\/www.facebook.com\/westimmo.real.estate\" \/>\n<meta property=\"article:modified_time\" content=\"2022-02-26T12:13:22+00:00\" \/>\n<meta property=\"og:image\" content=\"https:\/\/real-estate-mauritius.mu\/wp-content\/uploads\/Westimmo-Location-duplex-pied-dans-leau-Tamarin-23-2.jpg\" \/>\n\t<meta property=\"og:image:width\" content=\"1732\" \/>\n\t<meta property=\"og:image:height\" content=\"1154\" \/>\n\t<meta property=\"og:image:type\" content=\"image\/jpeg\" \/>\n<meta name=\"twitter:label1\" content=\"Est. reading time\" \/>\n\t<meta name=\"twitter:data1\" content=\"4 minutes\" \/>\n<script type=\"application\/ld+json\" class=\"yoast-schema-graph\">{\"@context\":\"https:\\\/\\\/schema.org\",\"@graph\":[{\"@type\":\"WebPage\",\"@id\":\"https:\\\/\\\/real-estate-mauritius.mu\\\/en\\\/short-term-rental-mauritius\\\/\",\"url\":\"https:\\\/\\\/real-estate-mauritius.mu\\\/en\\\/short-term-rental-mauritius\\\/\",\"name\":\"Short term rental - Westimmo\",\"isPartOf\":{\"@id\":\"https:\\\/\\\/real-estate-mauritius.mu\\\/en\\\/#website\"},\"primaryImageOfPage\":{\"@id\":\"https:\\\/\\\/real-estate-mauritius.mu\\\/en\\\/short-term-rental-mauritius\\\/#primaryimage\"},\"image\":{\"@id\":\"https:\\\/\\\/real-estate-mauritius.mu\\\/en\\\/short-term-rental-mauritius\\\/#primaryimage\"},\"thumbnailUrl\":\"https:\\\/\\\/real-estate-mauritius.mu\\\/wp-content\\\/uploads\\\/Westimmo-Location-duplex-pied-dans-leau-Tamarin-23-2.jpg\",\"datePublished\":\"2022-02-16T10:35:29+00:00\",\"dateModified\":\"2022-02-26T12:13:22+00:00\",\"description\":\"Westimmo real estate agency in Mauritius. We are here to accompany you throughout your rental in Mauritius, villa, apartment, waterfront.\",\"breadcrumb\":{\"@id\":\"https:\\\/\\\/real-estate-mauritius.mu\\\/en\\\/short-term-rental-mauritius\\\/#breadcrumb\"},\"inLanguage\":\"en-US\",\"potentialAction\":[{\"@type\":\"ReadAction\",\"target\":[\"https:\\\/\\\/real-estate-mauritius.mu\\\/en\\\/short-term-rental-mauritius\\\/\"]}]},{\"@type\":\"ImageObject\",\"inLanguage\":\"en-US\",\"@id\":\"https:\\\/\\\/real-estate-mauritius.mu\\\/en\\\/short-term-rental-mauritius\\\/#primaryimage\",\"url\":\"https:\\\/\\\/real-estate-mauritius.mu\\\/wp-content\\\/uploads\\\/Westimmo-Location-duplex-pied-dans-leau-Tamarin-23-2.jpg\",\"contentUrl\":\"https:\\\/\\\/real-estate-mauritius.mu\\\/wp-content\\\/uploads\\\/Westimmo-Location-duplex-pied-dans-leau-Tamarin-23-2.jpg\",\"width\":1732,\"height\":1154},{\"@type\":\"BreadcrumbList\",\"@id\":\"https:\\\/\\\/real-estate-mauritius.mu\\\/en\\\/short-term-rental-mauritius\\\/#breadcrumb\",\"itemListElement\":[{\"@type\":\"ListItem\",\"position\":1,\"name\":\"Accueil\",\"item\":\"https:\\\/\\\/real-estate-mauritius.mu\\\/en\\\/\"},{\"@type\":\"ListItem\",\"position\":2,\"name\":\"Short term rental\"}]},{\"@type\":\"WebSite\",\"@id\":\"https:\\\/\\\/real-estate-mauritius.mu\\\/en\\\/#website\",\"url\":\"https:\\\/\\\/real-estate-mauritius.mu\\\/en\\\/\",\"name\":\"Westimmo - Luxury Real Estate Mauritius\",\"description\":\"Votre vision, notre mission : un accompagnement personnalis\u00e9 et sans faille\",\"publisher\":{\"@id\":\"https:\\\/\\\/real-estate-mauritius.mu\\\/en\\\/#organization\"},\"alternateName\":\"Westimmo\",\"potentialAction\":[{\"@type\":\"SearchAction\",\"target\":{\"@type\":\"EntryPoint\",\"urlTemplate\":\"https:\\\/\\\/real-estate-mauritius.mu\\\/en\\\/?s={search_term_string}\"},\"query-input\":{\"@type\":\"PropertyValueSpecification\",\"valueRequired\":true,\"valueName\":\"search_term_string\"}}],\"inLanguage\":\"en-US\"},{\"@type\":\"Organization\",\"@id\":\"https:\\\/\\\/real-estate-mauritius.mu\\\/en\\\/#organization\",\"name\":\"Westimmo - Luxury Real Estate Mauritius\",\"alternateName\":\"Westimmo Real Estate Mauritius\",\"url\":\"https:\\\/\\\/real-estate-mauritius.mu\\\/en\\\/\",\"logo\":{\"@type\":\"ImageObject\",\"inLanguage\":\"en-US\",\"@id\":\"https:\\\/\\\/real-estate-mauritius.mu\\\/en\\\/#\\\/schema\\\/logo\\\/image\\\/\",\"url\":\"https:\\\/\\\/real-estate-mauritius.mu\\\/wp-content\\\/uploads\\\/Reall-estate-agency-in-mauritius-Luxury-real-estate-by-Westimmo.jpg\",\"contentUrl\":\"https:\\\/\\\/real-estate-mauritius.mu\\\/wp-content\\\/uploads\\\/Reall-estate-agency-in-mauritius-Luxury-real-estate-by-Westimmo.jpg\",\"width\":696,\"height\":696,\"caption\":\"Westimmo - Luxury Real Estate Mauritius\"},\"image\":{\"@id\":\"https:\\\/\\\/real-estate-mauritius.mu\\\/en\\\/#\\\/schema\\\/logo\\\/image\\\/\"},\"sameAs\":[\"https:\\\/\\\/www.facebook.com\\\/westimmo.real.estate\",\"https:\\\/\\\/x.com\\\/westimmolive\",\"https:\\\/\\\/www.instagram.com\\\/westimmomauritius\\\/\",\"https:\\\/\\\/www.linkedin.com\\\/in\\\/westimmo-real-estate-mauritius\\\/\",\"https:\\\/\\\/www.youtube.com\\\/@realestatemauritius\",\"https:\\\/\\\/wa.me\\\/23054834666\",\"https:\\\/\\\/wa.me\\\/23057406021\"],\"description\":\"Agence immobili\u00e8re 3.0 Nous b\u00e9n\u00e9ficions d\u2019une solide r\u00e9putation sur l\u2019\u00eele Maurice et des partenaires de confiance \u00e0 l\u2019international. Forts de 15 ans d\u2019exp\u00e9rience dans le secteur du luxe \u00e0 Meg\u00e8ve, Monaco et Gen\u00e8ve, nous offrons une qualit\u00e9 de service haut de gamme avec un suivi personnalis\u00e9.\",\"email\":\"westimmo@gmx.fr\",\"telephone\":\"+23057406021\",\"legalName\":\"Westimmo\",\"numberOfEmployees\":{\"@type\":\"QuantitativeValue\",\"minValue\":\"1\",\"maxValue\":\"10\"}}]}<\/script>\n<!-- \/ Yoast SEO Premium plugin. -->","yoast_head_json":{"title":"Short term rental - Westimmo","description":"Westimmo real estate agency in Mauritius. We are here to accompany you throughout your rental in Mauritius, villa, apartment, waterfront.","robots":{"index":"index","follow":"follow","max-snippet":"max-snippet:-1","max-image-preview":"max-image-preview:large","max-video-preview":"max-video-preview:-1"},"canonical":"https:\/\/real-estate-mauritius.mu\/en\/short-term-rental-mauritius\/","og_locale":"en_US","og_type":"article","og_title":"Short term rental","og_description":"Westimmo real estate agency in Mauritius. We are here to accompany you throughout your rental in Mauritius, villa, apartment, waterfront.","og_url":"https:\/\/real-estate-mauritius.mu\/en\/short-term-rental-mauritius\/","og_site_name":"Westimmo","article_publisher":"https:\/\/www.facebook.com\/westimmo.real.estate","article_modified_time":"2022-02-26T12:13:22+00:00","og_image":[{"width":1732,"height":1154,"url":"https:\/\/real-estate-mauritius.mu\/wp-content\/uploads\/Westimmo-Location-duplex-pied-dans-leau-Tamarin-23-2.jpg","type":"image\/jpeg"}],"twitter_misc":{"Est. reading time":"4 minutes"},"schema":{"@context":"https:\/\/schema.org","@graph":[{"@type":"WebPage","@id":"https:\/\/real-estate-mauritius.mu\/en\/short-term-rental-mauritius\/","url":"https:\/\/real-estate-mauritius.mu\/en\/short-term-rental-mauritius\/","name":"Short term rental - Westimmo","isPartOf":{"@id":"https:\/\/real-estate-mauritius.mu\/en\/#website"},"primaryImageOfPage":{"@id":"https:\/\/real-estate-mauritius.mu\/en\/short-term-rental-mauritius\/#primaryimage"},"image":{"@id":"https:\/\/real-estate-mauritius.mu\/en\/short-term-rental-mauritius\/#primaryimage"},"thumbnailUrl":"https:\/\/real-estate-mauritius.mu\/wp-content\/uploads\/Westimmo-Location-duplex-pied-dans-leau-Tamarin-23-2.jpg","datePublished":"2022-02-16T10:35:29+00:00","dateModified":"2022-02-26T12:13:22+00:00","description":"Westimmo real estate agency in Mauritius. We are here to accompany you throughout your rental in Mauritius, villa, apartment, waterfront.","breadcrumb":{"@id":"https:\/\/real-estate-mauritius.mu\/en\/short-term-rental-mauritius\/#breadcrumb"},"inLanguage":"en-US","potentialAction":[{"@type":"ReadAction","target":["https:\/\/real-estate-mauritius.mu\/en\/short-term-rental-mauritius\/"]}]},{"@type":"ImageObject","inLanguage":"en-US","@id":"https:\/\/real-estate-mauritius.mu\/en\/short-term-rental-mauritius\/#primaryimage","url":"https:\/\/real-estate-mauritius.mu\/wp-content\/uploads\/Westimmo-Location-duplex-pied-dans-leau-Tamarin-23-2.jpg","contentUrl":"https:\/\/real-estate-mauritius.mu\/wp-content\/uploads\/Westimmo-Location-duplex-pied-dans-leau-Tamarin-23-2.jpg","width":1732,"height":1154},{"@type":"BreadcrumbList","@id":"https:\/\/real-estate-mauritius.mu\/en\/short-term-rental-mauritius\/#breadcrumb","itemListElement":[{"@type":"ListItem","position":1,"name":"Accueil","item":"https:\/\/real-estate-mauritius.mu\/en\/"},{"@type":"ListItem","position":2,"name":"Short term rental"}]},{"@type":"WebSite","@id":"https:\/\/real-estate-mauritius.mu\/en\/#website","url":"https:\/\/real-estate-mauritius.mu\/en\/","name":"Westimmo - Luxury Real Estate Mauritius","description":"Votre vision, notre mission : un accompagnement personnalis\u00e9 et sans faille","publisher":{"@id":"https:\/\/real-estate-mauritius.mu\/en\/#organization"},"alternateName":"Westimmo","potentialAction":[{"@type":"SearchAction","target":{"@type":"EntryPoint","urlTemplate":"https:\/\/real-estate-mauritius.mu\/en\/?s={search_term_string}"},"query-input":{"@type":"PropertyValueSpecification","valueRequired":true,"valueName":"search_term_string"}}],"inLanguage":"en-US"},{"@type":"Organization","@id":"https:\/\/real-estate-mauritius.mu\/en\/#organization","name":"Westimmo - Luxury Real Estate Mauritius","alternateName":"Westimmo Real Estate Mauritius","url":"https:\/\/real-estate-mauritius.mu\/en\/","logo":{"@type":"ImageObject","inLanguage":"en-US","@id":"https:\/\/real-estate-mauritius.mu\/en\/#\/schema\/logo\/image\/","url":"https:\/\/real-estate-mauritius.mu\/wp-content\/uploads\/Reall-estate-agency-in-mauritius-Luxury-real-estate-by-Westimmo.jpg","contentUrl":"https:\/\/real-estate-mauritius.mu\/wp-content\/uploads\/Reall-estate-agency-in-mauritius-Luxury-real-estate-by-Westimmo.jpg","width":696,"height":696,"caption":"Westimmo - Luxury Real Estate Mauritius"},"image":{"@id":"https:\/\/real-estate-mauritius.mu\/en\/#\/schema\/logo\/image\/"},"sameAs":["https:\/\/www.facebook.com\/westimmo.real.estate","https:\/\/x.com\/westimmolive","https:\/\/www.instagram.com\/westimmomauritius\/","https:\/\/www.linkedin.com\/in\/westimmo-real-estate-mauritius\/","https:\/\/www.youtube.com\/@realestatemauritius","https:\/\/wa.me\/23054834666","https:\/\/wa.me\/23057406021"],"description":"Agence immobili\u00e8re 3.0 Nous b\u00e9n\u00e9ficions d\u2019une solide r\u00e9putation sur l\u2019\u00eele Maurice et des partenaires de confiance \u00e0 l\u2019international. Forts de 15 ans d\u2019exp\u00e9rience dans le secteur du luxe \u00e0 Meg\u00e8ve, Monaco et Gen\u00e8ve, nous offrons une qualit\u00e9 de service haut de gamme avec un suivi personnalis\u00e9.","email":"westimmo@gmx.fr","telephone":"+23057406021","legalName":"Westimmo","numberOfEmployees":{"@type":"QuantitativeValue","minValue":"1","maxValue":"10"}}]}},"_links":{"self":[{"href":"https:\/\/real-estate-mauritius.mu\/en\/wp-json\/wp\/v2\/pages\/241186","targetHints":{"allow":["GET"]}}],"collection":[{"href":"https:\/\/real-estate-mauritius.mu\/en\/wp-json\/wp\/v2\/pages"}],"about":[{"href":"https:\/\/real-estate-mauritius.mu\/en\/wp-json\/wp\/v2\/types\/page"}],"author":[{"embeddable":true,"href":"https:\/\/real-estate-mauritius.mu\/en\/wp-json\/wp\/v2\/users\/1"}],"replies":[{"embeddable":true,"href":"https:\/\/real-estate-mauritius.mu\/en\/wp-json\/wp\/v2\/comments?post=241186"}],"version-history":[{"count":0,"href":"https:\/\/real-estate-mauritius.mu\/en\/wp-json\/wp\/v2\/pages\/241186\/revisions"}],"wp:featuredmedia":[{"embeddable":true,"href":"https:\/\/real-estate-mauritius.mu\/en\/wp-json\/wp\/v2\/media\/215595"}],"wp:attachment":[{"href":"https:\/\/real-estate-mauritius.mu\/en\/wp-json\/wp\/v2\/media?parent=241186"}],"curies":[{"name":"wp","href":"https:\/\/api.w.org\/{rel}","templated":true}]}}