{"id":242006,"date":"2022-02-25T06:53:34","date_gmt":"2022-02-25T05:53:34","guid":{"rendered":"https:\/\/real-estate-mauritius.mu\/new-program-project-real-estate-mauritius\/"},"modified":"2026-03-20T14:27:47","modified_gmt":"2026-03-20T13:27:47","slug":"new-program-project-real-estate-mauritius","status":"publish","type":"page","link":"https:\/\/real-estate-mauritius.mu\/en\/new-program-project-real-estate-mauritius\/","title":{"rendered":"New program mauritius"},"content":{"rendered":"\t\t<div data-elementor-type=\"wp-page\" data-elementor-id=\"242006\" class=\"elementor elementor-242006 elementor-241981\" data-elementor-post-type=\"page\">\n\t\t\t\t<div class=\"elementor-element elementor-element-4eb20a16 e-con-full e-flex e-con e-parent\" data-id=\"4eb20a16\" data-element_type=\"container\" data-e-type=\"container\">\n\t\t\t\t<div class=\"elementor-element elementor-element-60b0c18f elementor-widget elementor-widget-html\" data-id=\"60b0c18f\" data-element_type=\"widget\" data-e-type=\"widget\" data-widget_type=\"html.default\">\n\t\t\t\t\t<style>\n.westimmo-hero {\n    position: relative;\n    width: 100%;\n    min-height: 600px;\n    display: flex;\n    align-items: center;\n    justify-content: center;\n    overflow: hidden;\n    background-color: #1d1d1d;\n}\n\n.westimmo-hero-background {\n    position: absolute;\n    top: 0;\n    left: 0;\n    width: 100%;\n    height: 100%;\n    z-index: 1;\n}\n\n.westimmo-hero-background img {\n    width: 100%;\n    height: 100%;\n    object-fit: cover;\n    display: block;\n}\n\n.westimmo-hero-overlay {\n    position: absolute;\n    top: 0;\n    left: 0;\n    width: 100%;\n    height: 100%;\n    background: linear-gradient(135deg, rgba(21,110,131,0.7) 0%, rgba(29,29,29,0.8) 100%);\n    z-index: 2;\n}\n\n.westimmo-hero-content {\n    position: relative;\n    z-index: 3;\n    text-align: center;\n    color: #ffffff;\n    padding: 60px 20px;\n    max-width: 1000px;\n    margin: 0 auto;\n}\n\n.westimmo-hero-subtitle {\n    font-family: 'Inter', sans-serif;\n    font-size: 14px;\n    font-weight: 600;\n    letter-spacing: 2px;\n    text-transform: uppercase;\n    color: #ffffff;\n    opacity: 0.9;\n    margin-bottom: 20px;\n}\n\n.westimmo-hero-title {\n    font-family: 'Playfair Display', serif;\n    font-size: 56px;\n    font-weight: 700;\n    line-height: 1.2;\n    color: #ffffff;\n    margin: 0 0 30px 0;\n    text-shadow: 0 2px 20px rgba(0,0,0,0.3);\n}\n\n.westimmo-hero-description {\n    font-family: 'Inter', sans-serif;\n    font-size: 18px;\n    font-weight: 400;\n    line-height: 1.6;\n    color: #ffffff;\n    opacity: 0.95;\n    margin: 0 0 40px 0;\n    max-width: 700px;\n    margin-left: auto;\n    margin-right: auto;\n}\n\n.westimmo-hero-cta {\n    display: inline-flex;\n    align-items: center;\n    justify-content: center;\n    padding: 18px 40px;\n    background: #ffffff;\n    color: #156e83;\n    font-family: 'Inter', sans-serif;\n    font-size: 16px;\n    font-weight: 600;\n    border-radius: 50px;\n    text-decoration: none;\n    box-shadow: 0 8px 30px rgba(0,0,0,0.3);\n    transition: all 0.3s ease;\n}\n\n.westimmo-hero-cta:hover {\n    background: #156e83;\n    color: #ffffff;\n    transform: translateY(-3px);\n    box-shadow: 0 12px 40px rgba(0,0,0,0.4);\n}\n\n\/* Responsive *\/\n@media (max-width: 768px) {\n    .westimmo-hero {\n        min-height: 500px;\n    }\n    \n    .westimmo-hero-content {\n        padding: 40px 20px;\n    }\n    \n    .westimmo-hero-subtitle {\n        font-size: 12px;\n        margin-bottom: 15px;\n    }\n    \n    .westimmo-hero-title {\n        font-size: 36px;\n        margin-bottom: 20px;\n    }\n    \n    .westimmo-hero-description {\n        font-size: 16px;\n        margin-bottom: 30px;\n    }\n    \n    .westimmo-hero-cta {\n        padding: 16px 32px;\n        font-size: 15px;\n    }\n}\n\n@media (max-width: 480px) {\n    .westimmo-hero {\n        min-height: 450px;\n    }\n    \n    .westimmo-hero-title {\n        font-size: 28px;\n    }\n    \n    .westimmo-hero-description {\n        font-size: 15px;\n    }\n}\n<\/style>\n\n<div class=\"westimmo-hero\">\n    <div class=\"westimmo-hero-background\">\n        <img decoding=\"async\" id=\"westimmo-hero-img\" src=\"\" alt=\"\">\n    <\/div>\n    \n    <div class=\"westimmo-hero-overlay\"><\/div>\n    \n    <div class=\"westimmo-hero-content\">\n        <div class=\"westimmo-hero-subtitle\">\n            \n        <\/div>\n        \n        <h1 class=\"westimmo-hero-title\" id=\"westimmo-hero-title\"><\/h1>\n        \n        <p class=\"westimmo-hero-description\">\n            \n        <\/p>\n        \n        <a href=\"\/contact\" class=\"westimmo-hero-cta\">\n            Contactez nous\n        <\/a>\n    <\/div>\n<\/div>\n\n<script>\n(function() {\n    function loadHeroData() {\n        if (window.westimmoHeroData) {\n            document.getElementById('westimmo-hero-title').textContent = window.westimmoHeroData.title;\n            document.getElementById('westimmo-hero-img').src = window.westimmoHeroData.image;\n            document.getElementById('westimmo-hero-img').alt = window.westimmoHeroData.title;\n        } else {\n            setTimeout(loadHeroData, 100);\n        }\n    }\n    \n    if (document.readyState === 'loading') {\n        document.addEventListener('DOMContentLoaded', loadHeroData);\n    } else {\n        loadHeroData();\n    }\n})();\n<\/script>\t\t\t\t<\/div>\n\t\t\t\t<\/div>\n\t\t<div class=\"elementor-element elementor-element-58758604 e-con-full e-flex e-con e-parent\" data-id=\"58758604\" data-element_type=\"container\" data-e-type=\"container\">\n\t\t\t\t<div class=\"elementor-element elementor-element-7551e0f9 elementor-widget elementor-widget-html\" data-id=\"7551e0f9\" data-element_type=\"widget\" data-e-type=\"widget\" data-widget_type=\"html.default\">\n\t\t\t\t\t<style>\n.sw-breadcrumb-bar {\n  background: #ffffff;\n  border-top: 1px solid rgba(1,5,105,.08);\n  border-bottom: 1px solid rgba(1,5,105,.08);\n  padding: 10px 0;\n  width: 100%;\n  box-sizing: border-box;\n}\n\n.sw-breadcrumb-bar * { box-sizing: border-box; }\n\n.sw-breadcrumb-container {\n  max-width: 1240px;\n  margin: 0 auto;\n  padding: 0 10px;\n  width: 100%;\n}\n\n.sw-breadcrumb-container span {\n  font-family: 'Rubik', sans-serif;\n  font-size: 13px;\n  color: #156e83;\n}\n\n.sw-breadcrumb-container a {\n  color: #156e83;\n  text-decoration: none;\n  transition: color 0.2s ease;\n}\n\n.sw-breadcrumb-container a:hover {\n  color: #0234d3;\n}\n\n.sw-breadcrumb-container span:last-child {\n  color: #242f51;\n  font-weight: 500;\n}\n\n@media (max-width: 768px) {\n  .sw-breadcrumb-bar { padding: 12px 0; }\n  .sw-breadcrumb-container span,\n  .sw-breadcrumb-container a { font-size: 12px; }\n}\n<\/style>\n\n<div class=\"sw-breadcrumb-bar\">\n  <div class=\"sw-breadcrumb-container\">\n    <div class=\"sw-grandbay-hero-breadcrumb\"><span><span><a href=\"https:\/\/real-estate-mauritius.mu\/en\/\">Accueil<\/a><\/span><\/span><\/div>\n  <\/div>\n<\/div>\t\t\t\t<\/div>\n\t\t\t\t<\/div>\n\t\t<div class=\"elementor-element elementor-element-ddb508b e-flex e-con-boxed e-con e-parent\" data-id=\"ddb508b\" data-element_type=\"container\" data-e-type=\"container\">\n\t\t\t\t\t<div class=\"e-con-inner\">\n\t\t\t\t<div class=\"elementor-element elementor-element-1574f91 elementor-widget elementor-widget-heading\" data-id=\"1574f91\" data-element_type=\"widget\" data-e-type=\"widget\" data-widget_type=\"heading.default\">\n\t\t\t\t\t<h4 class=\"elementor-heading-title elementor-size-default\">D\u00e9couvrez nos propri\u00e9t\u00e9s \u00e0 vendre<\/h4>\t\t\t\t<\/div>\n\t\t\t\t<div class=\"elementor-element elementor-element-0b3edc7 elementor-widget elementor-widget-shortcode\" data-id=\"0b3edc7\" data-element_type=\"widget\" data-e-type=\"widget\" data-widget_type=\"shortcode.default\">\n\t\t\t\t\t\t\t<div class=\"elementor-shortcode\">[listing_feature post_type=\"property\" status=\"current\" listing_feature sortby=\"price\" listing_feature sort_order=\"ASC\" listing_feature feature=\"programme-neuf\" listing_feature limit=\"30\"]<\/div>\n\t\t\t\t\t\t<\/div>\n\t\t\t\t\t<\/div>\n\t\t\t\t<\/div>\n\t\t<div class=\"elementor-element elementor-element-dd07e21 e-con-full e-flex e-con e-parent\" data-id=\"dd07e21\" data-element_type=\"container\" data-e-type=\"container\">\n\t\t\t\t<div class=\"elementor-element elementor-element-eff1d77 elementor-widget elementor-widget-html\" data-id=\"eff1d77\" data-element_type=\"widget\" data-e-type=\"widget\" data-widget_type=\"html.default\">\n\t\t\t\t\t<style>\n.westimmo-seo-block {\n    width: 100%;\n    padding: 60px 20px;\n    background: #f2f2f2;\n}\n\n.westimmo-seo-container {\n    max-width: 1200px;\n    margin: 0 auto;\n    background: #ffffff;\n    border-radius: 12px;\n    padding: 50px;\n    box-shadow: 0 2px 15px rgba(29,29,29,0.06);\n}\n\n.westimmo-seo-content {\n    font-family: 'Inter', sans-serif;\n    color: #333333;\n    line-height: 1.8;\n}\n\n.westimmo-seo-content h1,\n.westimmo-seo-content h2,\n.westimmo-seo-content h3,\n.westimmo-seo-content h4 {\n    font-family: 'Playfair Display', serif;\n    color: #1d1d1d;\n    margin-top: 30px;\n    margin-bottom: 20px;\n    line-height: 1.3;\n}\n\n.westimmo-seo-content h1 {\n    font-size: 36px;\n    font-weight: 700;\n    border-bottom: 3px solid #156e83;\n    padding-bottom: 15px;\n    margin-top: 0;\n}\n\n.westimmo-seo-content h2 {\n    font-size: 28px;\n    font-weight: 600;\n    color: #156e83;\n}\n\n.westimmo-seo-content h3 {\n    font-size: 22px;\n    font-weight: 600;\n}\n\n.westimmo-seo-content h4 {\n    font-size: 18px;\n    font-weight: 600;\n}\n\n.westimmo-seo-content p {\n    margin-bottom: 18px;\n    font-size: 16px;\n    color: #333333;\n}\n\n.westimmo-seo-content strong,\n.westimmo-seo-content b {\n    color: #1d1d1d;\n    font-weight: 600;\n}\n\n.westimmo-seo-content ul,\n.westimmo-seo-content ol {\n    margin: 20px 0;\n    padding-left: 30px;\n}\n\n.westimmo-seo-content li {\n    margin-bottom: 10px;\n    color: #333333;\n}\n\n.westimmo-seo-content a {\n    color: #156e83;\n    text-decoration: underline;\n    transition: color 0.2s ease;\n}\n\n.westimmo-seo-content a:hover {\n    color: #125a6b;\n}\n\n\/* Responsive *\/\n@media (max-width: 768px) {\n    .westimmo-seo-block {\n        padding: 40px 15px;\n    }\n    \n    .westimmo-seo-container {\n        padding: 30px 25px;\n        border-radius: 8px;\n    }\n    \n    .westimmo-seo-content h1 {\n        font-size: 28px;\n    }\n    \n    .westimmo-seo-content h2 {\n        font-size: 24px;\n    }\n    \n    .westimmo-seo-content h3 {\n        font-size: 20px;\n    }\n    \n    .westimmo-seo-content p {\n        font-size: 15px;\n    }\n}\n\n@media (max-width: 480px) {\n    .westimmo-seo-container {\n        padding: 25px 20px;\n    }\n    \n    .westimmo-seo-content h1 {\n        font-size: 24px;\n    }\n    \n    .westimmo-seo-content h2 {\n        font-size: 20px;\n    }\n}\n<\/style>\n\n<div class=\"westimmo-seo-block\">\n    <div class=\"westimmo-seo-container\">\n        <div class=\"westimmo-seo-content\">\n            \n        <\/div>\n    <\/div>\n<\/div>\t\t\t\t<\/div>\n\t\t\t\t<\/div>\n\t\t\t\t<\/div>\n\t\t","protected":false},"excerpt":{"rendered":"<p>Buy and become a homeowner in Mauritius by buying off-plan or investing in a new-build program. Take advantage of the tax benefits and real estate growth of this popular destination.<\/p>\n","protected":false},"author":1,"featured_media":241997,"parent":0,"menu_order":5,"comment_status":"closed","ping_status":"closed","template":"","meta":{"_acf_changed":false,"footnotes":""},"class_list":["post-242006","page","type-page","status-publish","has-post-thumbnail","hentry"],"acf":[],"yoast_head":"<!-- This site is optimized with the Yoast SEO Premium plugin v25.9 (Yoast SEO v27.5) - https:\/\/yoast.com\/product\/yoast-seo-premium-wordpress\/ -->\n<title>Buy in a new program \/ project in Mauritius<\/title>\n<meta name=\"description\" content=\"Westimmo - How to become a homeowner in Mauritius - Buy off-plan \/ Invest in a new program\" \/>\n<meta name=\"robots\" content=\"index, follow, max-snippet:-1, max-image-preview:large, max-video-preview:-1\" \/>\n<link rel=\"canonical\" href=\"https:\/\/real-estate-mauritius.mu\/en\/new-program-project-real-estate-mauritius\/\" \/>\n<meta property=\"og:locale\" content=\"en_US\" \/>\n<meta property=\"og:type\" content=\"article\" \/>\n<meta property=\"og:title\" content=\"New program mauritius\" \/>\n<meta property=\"og:description\" content=\"Westimmo - How to become a homeowner in Mauritius - Buy off-plan \/ Invest in a new program\" \/>\n<meta property=\"og:url\" content=\"https:\/\/real-estate-mauritius.mu\/en\/new-program-project-real-estate-mauritius\/\" \/>\n<meta property=\"og:site_name\" content=\"Westimmo\" \/>\n<meta property=\"article:publisher\" content=\"https:\/\/www.facebook.com\/westimmo.real.estate\" \/>\n<meta property=\"article:modified_time\" content=\"2026-03-20T13:27:47+00:00\" \/>\n<meta property=\"og:image\" content=\"https:\/\/real-estate-mauritius.mu\/wp-content\/uploads\/programme-neuf-ile-maurice-westimmo-2.jpg\" \/>\n\t<meta property=\"og:image:width\" content=\"1900\" \/>\n\t<meta property=\"og:image:height\" content=\"720\" \/>\n\t<meta property=\"og:image:type\" content=\"image\/jpeg\" \/>\n<script type=\"application\/ld+json\" class=\"yoast-schema-graph\">{\"@context\":\"https:\\\/\\\/schema.org\",\"@graph\":[{\"@type\":\"WebPage\",\"@id\":\"https:\\\/\\\/real-estate-mauritius.mu\\\/en\\\/new-program-project-real-estate-mauritius\\\/\",\"url\":\"https:\\\/\\\/real-estate-mauritius.mu\\\/en\\\/new-program-project-real-estate-mauritius\\\/\",\"name\":\"Buy in a new program \\\/ project in Mauritius\",\"isPartOf\":{\"@id\":\"https:\\\/\\\/real-estate-mauritius.mu\\\/en\\\/#website\"},\"primaryImageOfPage\":{\"@id\":\"https:\\\/\\\/real-estate-mauritius.mu\\\/en\\\/new-program-project-real-estate-mauritius\\\/#primaryimage\"},\"image\":{\"@id\":\"https:\\\/\\\/real-estate-mauritius.mu\\\/en\\\/new-program-project-real-estate-mauritius\\\/#primaryimage\"},\"thumbnailUrl\":\"https:\\\/\\\/real-estate-mauritius.mu\\\/wp-content\\\/uploads\\\/programme-neuf-ile-maurice-westimmo-2.jpg\",\"datePublished\":\"2022-02-25T05:53:34+00:00\",\"dateModified\":\"2026-03-20T13:27:47+00:00\",\"description\":\"Westimmo - How to become a homeowner in Mauritius - Buy off-plan \\\/ Invest in a new program\",\"breadcrumb\":{\"@id\":\"https:\\\/\\\/real-estate-mauritius.mu\\\/en\\\/new-program-project-real-estate-mauritius\\\/#breadcrumb\"},\"inLanguage\":\"en-US\",\"potentialAction\":[{\"@type\":\"ReadAction\",\"target\":[\"https:\\\/\\\/real-estate-mauritius.mu\\\/en\\\/new-program-project-real-estate-mauritius\\\/\"]}]},{\"@type\":\"ImageObject\",\"inLanguage\":\"en-US\",\"@id\":\"https:\\\/\\\/real-estate-mauritius.mu\\\/en\\\/new-program-project-real-estate-mauritius\\\/#primaryimage\",\"url\":\"https:\\\/\\\/real-estate-mauritius.mu\\\/wp-content\\\/uploads\\\/programme-neuf-ile-maurice-westimmo-2.jpg\",\"contentUrl\":\"https:\\\/\\\/real-estate-mauritius.mu\\\/wp-content\\\/uploads\\\/programme-neuf-ile-maurice-westimmo-2.jpg\",\"width\":1900,\"height\":720},{\"@type\":\"BreadcrumbList\",\"@id\":\"https:\\\/\\\/real-estate-mauritius.mu\\\/en\\\/new-program-project-real-estate-mauritius\\\/#breadcrumb\",\"itemListElement\":[{\"@type\":\"ListItem\",\"position\":1,\"name\":\"Accueil\",\"item\":\"https:\\\/\\\/real-estate-mauritius.mu\\\/en\\\/\"},{\"@type\":\"ListItem\",\"position\":2,\"name\":\"New program mauritius\"}]},{\"@type\":\"WebSite\",\"@id\":\"https:\\\/\\\/real-estate-mauritius.mu\\\/en\\\/#website\",\"url\":\"https:\\\/\\\/real-estate-mauritius.mu\\\/en\\\/\",\"name\":\"Westimmo - Luxury Real Estate Mauritius\",\"description\":\"Votre vision, notre mission : un accompagnement personnalis\u00e9 et sans faille\",\"publisher\":{\"@id\":\"https:\\\/\\\/real-estate-mauritius.mu\\\/en\\\/#organization\"},\"alternateName\":\"Westimmo\",\"potentialAction\":[{\"@type\":\"SearchAction\",\"target\":{\"@type\":\"EntryPoint\",\"urlTemplate\":\"https:\\\/\\\/real-estate-mauritius.mu\\\/en\\\/?s={search_term_string}\"},\"query-input\":{\"@type\":\"PropertyValueSpecification\",\"valueRequired\":true,\"valueName\":\"search_term_string\"}}],\"inLanguage\":\"en-US\"},{\"@type\":\"Organization\",\"@id\":\"https:\\\/\\\/real-estate-mauritius.mu\\\/en\\\/#organization\",\"name\":\"Westimmo - Luxury Real Estate Mauritius\",\"alternateName\":\"Westimmo Real Estate Mauritius\",\"url\":\"https:\\\/\\\/real-estate-mauritius.mu\\\/en\\\/\",\"logo\":{\"@type\":\"ImageObject\",\"inLanguage\":\"en-US\",\"@id\":\"https:\\\/\\\/real-estate-mauritius.mu\\\/en\\\/#\\\/schema\\\/logo\\\/image\\\/\",\"url\":\"https:\\\/\\\/real-estate-mauritius.mu\\\/wp-content\\\/uploads\\\/Reall-estate-agency-in-mauritius-Luxury-real-estate-by-Westimmo.jpg\",\"contentUrl\":\"https:\\\/\\\/real-estate-mauritius.mu\\\/wp-content\\\/uploads\\\/Reall-estate-agency-in-mauritius-Luxury-real-estate-by-Westimmo.jpg\",\"width\":696,\"height\":696,\"caption\":\"Westimmo - Luxury Real Estate Mauritius\"},\"image\":{\"@id\":\"https:\\\/\\\/real-estate-mauritius.mu\\\/en\\\/#\\\/schema\\\/logo\\\/image\\\/\"},\"sameAs\":[\"https:\\\/\\\/www.facebook.com\\\/westimmo.real.estate\",\"https:\\\/\\\/x.com\\\/westimmolive\",\"https:\\\/\\\/www.instagram.com\\\/westimmomauritius\\\/\",\"https:\\\/\\\/www.linkedin.com\\\/in\\\/westimmo-real-estate-mauritius\\\/\",\"https:\\\/\\\/www.youtube.com\\\/@realestatemauritius\",\"https:\\\/\\\/wa.me\\\/23054834666\",\"https:\\\/\\\/wa.me\\\/23057406021\"],\"description\":\"Agence immobili\u00e8re 3.0 Nous b\u00e9n\u00e9ficions d\u2019une solide r\u00e9putation sur l\u2019\u00eele Maurice et des partenaires de confiance \u00e0 l\u2019international. Forts de 15 ans d\u2019exp\u00e9rience dans le secteur du luxe \u00e0 Meg\u00e8ve, Monaco et Gen\u00e8ve, nous offrons une qualit\u00e9 de service haut de gamme avec un suivi personnalis\u00e9.\",\"email\":\"westimmo@gmx.fr\",\"telephone\":\"+23057406021\",\"legalName\":\"Westimmo\",\"numberOfEmployees\":{\"@type\":\"QuantitativeValue\",\"minValue\":\"1\",\"maxValue\":\"10\"}}]}<\/script>\n<!-- \/ Yoast SEO Premium plugin. -->","yoast_head_json":{"title":"Buy in a new program \/ project in Mauritius","description":"Westimmo - How to become a homeowner in Mauritius - Buy off-plan \/ Invest in a new program","robots":{"index":"index","follow":"follow","max-snippet":"max-snippet:-1","max-image-preview":"max-image-preview:large","max-video-preview":"max-video-preview:-1"},"canonical":"https:\/\/real-estate-mauritius.mu\/en\/new-program-project-real-estate-mauritius\/","og_locale":"en_US","og_type":"article","og_title":"New program mauritius","og_description":"Westimmo - How to become a homeowner in Mauritius - Buy off-plan \/ Invest in a new program","og_url":"https:\/\/real-estate-mauritius.mu\/en\/new-program-project-real-estate-mauritius\/","og_site_name":"Westimmo","article_publisher":"https:\/\/www.facebook.com\/westimmo.real.estate","article_modified_time":"2026-03-20T13:27:47+00:00","og_image":[{"width":1900,"height":720,"url":"https:\/\/real-estate-mauritius.mu\/wp-content\/uploads\/programme-neuf-ile-maurice-westimmo-2.jpg","type":"image\/jpeg"}],"schema":{"@context":"https:\/\/schema.org","@graph":[{"@type":"WebPage","@id":"https:\/\/real-estate-mauritius.mu\/en\/new-program-project-real-estate-mauritius\/","url":"https:\/\/real-estate-mauritius.mu\/en\/new-program-project-real-estate-mauritius\/","name":"Buy in a new program \/ project in Mauritius","isPartOf":{"@id":"https:\/\/real-estate-mauritius.mu\/en\/#website"},"primaryImageOfPage":{"@id":"https:\/\/real-estate-mauritius.mu\/en\/new-program-project-real-estate-mauritius\/#primaryimage"},"image":{"@id":"https:\/\/real-estate-mauritius.mu\/en\/new-program-project-real-estate-mauritius\/#primaryimage"},"thumbnailUrl":"https:\/\/real-estate-mauritius.mu\/wp-content\/uploads\/programme-neuf-ile-maurice-westimmo-2.jpg","datePublished":"2022-02-25T05:53:34+00:00","dateModified":"2026-03-20T13:27:47+00:00","description":"Westimmo - How to become a homeowner in Mauritius - Buy off-plan \/ Invest in a new program","breadcrumb":{"@id":"https:\/\/real-estate-mauritius.mu\/en\/new-program-project-real-estate-mauritius\/#breadcrumb"},"inLanguage":"en-US","potentialAction":[{"@type":"ReadAction","target":["https:\/\/real-estate-mauritius.mu\/en\/new-program-project-real-estate-mauritius\/"]}]},{"@type":"ImageObject","inLanguage":"en-US","@id":"https:\/\/real-estate-mauritius.mu\/en\/new-program-project-real-estate-mauritius\/#primaryimage","url":"https:\/\/real-estate-mauritius.mu\/wp-content\/uploads\/programme-neuf-ile-maurice-westimmo-2.jpg","contentUrl":"https:\/\/real-estate-mauritius.mu\/wp-content\/uploads\/programme-neuf-ile-maurice-westimmo-2.jpg","width":1900,"height":720},{"@type":"BreadcrumbList","@id":"https:\/\/real-estate-mauritius.mu\/en\/new-program-project-real-estate-mauritius\/#breadcrumb","itemListElement":[{"@type":"ListItem","position":1,"name":"Accueil","item":"https:\/\/real-estate-mauritius.mu\/en\/"},{"@type":"ListItem","position":2,"name":"New program mauritius"}]},{"@type":"WebSite","@id":"https:\/\/real-estate-mauritius.mu\/en\/#website","url":"https:\/\/real-estate-mauritius.mu\/en\/","name":"Westimmo - Luxury Real Estate Mauritius","description":"Votre vision, notre mission : un accompagnement personnalis\u00e9 et sans faille","publisher":{"@id":"https:\/\/real-estate-mauritius.mu\/en\/#organization"},"alternateName":"Westimmo","potentialAction":[{"@type":"SearchAction","target":{"@type":"EntryPoint","urlTemplate":"https:\/\/real-estate-mauritius.mu\/en\/?s={search_term_string}"},"query-input":{"@type":"PropertyValueSpecification","valueRequired":true,"valueName":"search_term_string"}}],"inLanguage":"en-US"},{"@type":"Organization","@id":"https:\/\/real-estate-mauritius.mu\/en\/#organization","name":"Westimmo - Luxury Real Estate Mauritius","alternateName":"Westimmo Real Estate Mauritius","url":"https:\/\/real-estate-mauritius.mu\/en\/","logo":{"@type":"ImageObject","inLanguage":"en-US","@id":"https:\/\/real-estate-mauritius.mu\/en\/#\/schema\/logo\/image\/","url":"https:\/\/real-estate-mauritius.mu\/wp-content\/uploads\/Reall-estate-agency-in-mauritius-Luxury-real-estate-by-Westimmo.jpg","contentUrl":"https:\/\/real-estate-mauritius.mu\/wp-content\/uploads\/Reall-estate-agency-in-mauritius-Luxury-real-estate-by-Westimmo.jpg","width":696,"height":696,"caption":"Westimmo - Luxury Real Estate Mauritius"},"image":{"@id":"https:\/\/real-estate-mauritius.mu\/en\/#\/schema\/logo\/image\/"},"sameAs":["https:\/\/www.facebook.com\/westimmo.real.estate","https:\/\/x.com\/westimmolive","https:\/\/www.instagram.com\/westimmomauritius\/","https:\/\/www.linkedin.com\/in\/westimmo-real-estate-mauritius\/","https:\/\/www.youtube.com\/@realestatemauritius","https:\/\/wa.me\/23054834666","https:\/\/wa.me\/23057406021"],"description":"Agence immobili\u00e8re 3.0 Nous b\u00e9n\u00e9ficions d\u2019une solide r\u00e9putation sur l\u2019\u00eele Maurice et des partenaires de confiance \u00e0 l\u2019international. Forts de 15 ans d\u2019exp\u00e9rience dans le secteur du luxe \u00e0 Meg\u00e8ve, Monaco et Gen\u00e8ve, nous offrons une qualit\u00e9 de service haut de gamme avec un suivi personnalis\u00e9.","email":"westimmo@gmx.fr","telephone":"+23057406021","legalName":"Westimmo","numberOfEmployees":{"@type":"QuantitativeValue","minValue":"1","maxValue":"10"}}]}},"_links":{"self":[{"href":"https:\/\/real-estate-mauritius.mu\/en\/wp-json\/wp\/v2\/pages\/242006","targetHints":{"allow":["GET"]}}],"collection":[{"href":"https:\/\/real-estate-mauritius.mu\/en\/wp-json\/wp\/v2\/pages"}],"about":[{"href":"https:\/\/real-estate-mauritius.mu\/en\/wp-json\/wp\/v2\/types\/page"}],"author":[{"embeddable":true,"href":"https:\/\/real-estate-mauritius.mu\/en\/wp-json\/wp\/v2\/users\/1"}],"replies":[{"embeddable":true,"href":"https:\/\/real-estate-mauritius.mu\/en\/wp-json\/wp\/v2\/comments?post=242006"}],"version-history":[{"count":68,"href":"https:\/\/real-estate-mauritius.mu\/en\/wp-json\/wp\/v2\/pages\/242006\/revisions"}],"predecessor-version":[{"id":318342,"href":"https:\/\/real-estate-mauritius.mu\/en\/wp-json\/wp\/v2\/pages\/242006\/revisions\/318342"}],"wp:featuredmedia":[{"embeddable":true,"href":"https:\/\/real-estate-mauritius.mu\/en\/wp-json\/wp\/v2\/media\/241997"}],"wp:attachment":[{"href":"https:\/\/real-estate-mauritius.mu\/en\/wp-json\/wp\/v2\/media?parent=242006"}],"curies":[{"name":"wp","href":"https:\/\/api.w.org\/{rel}","templated":true}]}}