{"id":321887,"date":"2026-04-22T06:27:28","date_gmt":"2026-04-22T05:27:28","guid":{"rendered":"https:\/\/real-estate-mauritius.mu\/property\/"},"modified":"2026-04-22T06:27:34","modified_gmt":"2026-04-22T05:27:34","slug":"property","status":"publish","type":"page","link":"https:\/\/real-estate-mauritius.mu\/en\/property\/","title":{"rendered":"Property"},"content":{"rendered":"\t\t<div data-elementor-type=\"wp-page\" data-elementor-id=\"321887\" class=\"elementor elementor-321887 elementor-321519\" data-elementor-post-type=\"page\">\n\t\t\t\t<div class=\"elementor-element elementor-element-5f0f2a95 e-flex e-con-boxed e-con e-parent\" data-id=\"5f0f2a95\" data-element_type=\"container\" data-e-type=\"container\">\n\t\t\t\t\t<div class=\"e-con-inner\">\n\t\t\t\t<div class=\"elementor-element elementor-element-1caad24a elementor-widget elementor-widget-text-editor\" data-id=\"1caad24a\" data-element_type=\"widget\" data-e-type=\"widget\" data-widget_type=\"text-editor.default\">\n\t\t\t\t\t\t\t\t\t\n<p class=\"activimmo-empty\">No property specified.<\/p>\n\t\t\t\t\t\t\t\t<\/div>\n\t\t\t\t\t<\/div>\n\t\t\t\t<\/div>\n\t\t\t\t<\/div>\n\t\t","protected":false},"excerpt":{"rendered":"","protected":false},"author":1,"featured_media":0,"parent":0,"menu_order":0,"comment_status":"closed","ping_status":"closed","template":"","meta":{"_acf_changed":false,"footnotes":""},"class_list":["post-321887","page","type-page","status-publish","hentry"],"acf":[],"yoast_head":"<!-- This site is optimized with the Yoast SEO Premium plugin v25.9 (Yoast SEO v27.5) - https:\/\/yoast.com\/product\/yoast-seo-premium-wordpress\/ -->\n<title>Property - Westimmo<\/title>\n<meta name=\"robots\" content=\"index, follow, max-snippet:-1, max-image-preview:large, max-video-preview:-1\" \/>\n<link rel=\"canonical\" href=\"https:\/\/real-estate-mauritius.mu\/en\/property\/\" \/>\n<meta property=\"og:locale\" content=\"en_US\" \/>\n<meta property=\"og:type\" content=\"article\" \/>\n<meta property=\"og:title\" content=\"Property\" \/>\n<meta property=\"og:url\" content=\"https:\/\/real-estate-mauritius.mu\/en\/property\/\" \/>\n<meta property=\"og:site_name\" content=\"Westimmo\" \/>\n<meta property=\"article:publisher\" content=\"https:\/\/www.facebook.com\/westimmo.real.estate\" \/>\n<meta property=\"article:modified_time\" content=\"2026-04-22T05:27:34+00:00\" \/>\n<meta property=\"og:image\" content=\"https:\/\/real-estate-mauritius.mu\/wp-content\/uploads\/Westimmo-Luxury-real-estate-Mauriutius.jpg\" \/>\n\t<meta property=\"og:image:width\" content=\"1200\" \/>\n\t<meta property=\"og:image:height\" content=\"300\" \/>\n\t<meta property=\"og:image:type\" content=\"image\/jpeg\" \/>\n<script type=\"application\/ld+json\" class=\"yoast-schema-graph\">{\"@context\":\"https:\\\/\\\/schema.org\",\"@graph\":[{\"@type\":\"WebPage\",\"@id\":\"https:\\\/\\\/real-estate-mauritius.mu\\\/en\\\/property\\\/\",\"url\":\"https:\\\/\\\/real-estate-mauritius.mu\\\/en\\\/property\\\/\",\"name\":\"Property - Westimmo\",\"isPartOf\":{\"@id\":\"https:\\\/\\\/real-estate-mauritius.mu\\\/en\\\/#website\"},\"datePublished\":\"2026-04-22T05:27:28+00:00\",\"dateModified\":\"2026-04-22T05:27:34+00:00\",\"breadcrumb\":{\"@id\":\"https:\\\/\\\/real-estate-mauritius.mu\\\/en\\\/property\\\/#breadcrumb\"},\"inLanguage\":\"en-US\",\"potentialAction\":[{\"@type\":\"ReadAction\",\"target\":[\"https:\\\/\\\/real-estate-mauritius.mu\\\/en\\\/property\\\/\"]}]},{\"@type\":\"BreadcrumbList\",\"@id\":\"https:\\\/\\\/real-estate-mauritius.mu\\\/en\\\/property\\\/#breadcrumb\",\"itemListElement\":[{\"@type\":\"ListItem\",\"position\":1,\"name\":\"Accueil\",\"item\":\"https:\\\/\\\/real-estate-mauritius.mu\\\/en\\\/\"},{\"@type\":\"ListItem\",\"position\":2,\"name\":\"Property\"}]},{\"@type\":\"WebSite\",\"@id\":\"https:\\\/\\\/real-estate-mauritius.mu\\\/en\\\/#website\",\"url\":\"https:\\\/\\\/real-estate-mauritius.mu\\\/en\\\/\",\"name\":\"Westimmo - Luxury Real Estate Mauritius\",\"description\":\"Votre vision, notre mission : un accompagnement personnalis\u00e9 et sans faille\",\"publisher\":{\"@id\":\"https:\\\/\\\/real-estate-mauritius.mu\\\/en\\\/#organization\"},\"alternateName\":\"Westimmo\",\"potentialAction\":[{\"@type\":\"SearchAction\",\"target\":{\"@type\":\"EntryPoint\",\"urlTemplate\":\"https:\\\/\\\/real-estate-mauritius.mu\\\/en\\\/?s={search_term_string}\"},\"query-input\":{\"@type\":\"PropertyValueSpecification\",\"valueRequired\":true,\"valueName\":\"search_term_string\"}}],\"inLanguage\":\"en-US\"},{\"@type\":\"Organization\",\"@id\":\"https:\\\/\\\/real-estate-mauritius.mu\\\/en\\\/#organization\",\"name\":\"Westimmo - Luxury Real Estate Mauritius\",\"alternateName\":\"Westimmo Real Estate Mauritius\",\"url\":\"https:\\\/\\\/real-estate-mauritius.mu\\\/en\\\/\",\"logo\":{\"@type\":\"ImageObject\",\"inLanguage\":\"en-US\",\"@id\":\"https:\\\/\\\/real-estate-mauritius.mu\\\/en\\\/#\\\/schema\\\/logo\\\/image\\\/\",\"url\":\"https:\\\/\\\/real-estate-mauritius.mu\\\/wp-content\\\/uploads\\\/Reall-estate-agency-in-mauritius-Luxury-real-estate-by-Westimmo.jpg\",\"contentUrl\":\"https:\\\/\\\/real-estate-mauritius.mu\\\/wp-content\\\/uploads\\\/Reall-estate-agency-in-mauritius-Luxury-real-estate-by-Westimmo.jpg\",\"width\":696,\"height\":696,\"caption\":\"Westimmo - Luxury Real Estate Mauritius\"},\"image\":{\"@id\":\"https:\\\/\\\/real-estate-mauritius.mu\\\/en\\\/#\\\/schema\\\/logo\\\/image\\\/\"},\"sameAs\":[\"https:\\\/\\\/www.facebook.com\\\/westimmo.real.estate\",\"https:\\\/\\\/x.com\\\/westimmolive\",\"https:\\\/\\\/www.instagram.com\\\/westimmomauritius\\\/\",\"https:\\\/\\\/www.linkedin.com\\\/in\\\/westimmo-real-estate-mauritius\\\/\",\"https:\\\/\\\/www.youtube.com\\\/@realestatemauritius\",\"https:\\\/\\\/wa.me\\\/23054834666\",\"https:\\\/\\\/wa.me\\\/23057406021\"],\"description\":\"Agence immobili\u00e8re 3.0 Nous b\u00e9n\u00e9ficions d\u2019une solide r\u00e9putation sur l\u2019\u00eele Maurice et des partenaires de confiance \u00e0 l\u2019international. Forts de 15 ans d\u2019exp\u00e9rience dans le secteur du luxe \u00e0 Meg\u00e8ve, Monaco et Gen\u00e8ve, nous offrons une qualit\u00e9 de service haut de gamme avec un suivi personnalis\u00e9.\",\"email\":\"westimmo@gmx.fr\",\"telephone\":\"+23057406021\",\"legalName\":\"Westimmo\",\"numberOfEmployees\":{\"@type\":\"QuantitativeValue\",\"minValue\":\"1\",\"maxValue\":\"10\"}}]}<\/script>\n<!-- \/ Yoast SEO Premium plugin. -->","yoast_head_json":{"title":"Property - Westimmo","robots":{"index":"index","follow":"follow","max-snippet":"max-snippet:-1","max-image-preview":"max-image-preview:large","max-video-preview":"max-video-preview:-1"},"canonical":"https:\/\/real-estate-mauritius.mu\/en\/property\/","og_locale":"en_US","og_type":"article","og_title":"Property","og_url":"https:\/\/real-estate-mauritius.mu\/en\/property\/","og_site_name":"Westimmo","article_publisher":"https:\/\/www.facebook.com\/westimmo.real.estate","article_modified_time":"2026-04-22T05:27:34+00:00","og_image":[{"width":1200,"height":300,"url":"https:\/\/real-estate-mauritius.mu\/wp-content\/uploads\/Westimmo-Luxury-real-estate-Mauriutius.jpg","type":"image\/jpeg"}],"schema":{"@context":"https:\/\/schema.org","@graph":[{"@type":"WebPage","@id":"https:\/\/real-estate-mauritius.mu\/en\/property\/","url":"https:\/\/real-estate-mauritius.mu\/en\/property\/","name":"Property - Westimmo","isPartOf":{"@id":"https:\/\/real-estate-mauritius.mu\/en\/#website"},"datePublished":"2026-04-22T05:27:28+00:00","dateModified":"2026-04-22T05:27:34+00:00","breadcrumb":{"@id":"https:\/\/real-estate-mauritius.mu\/en\/property\/#breadcrumb"},"inLanguage":"en-US","potentialAction":[{"@type":"ReadAction","target":["https:\/\/real-estate-mauritius.mu\/en\/property\/"]}]},{"@type":"BreadcrumbList","@id":"https:\/\/real-estate-mauritius.mu\/en\/property\/#breadcrumb","itemListElement":[{"@type":"ListItem","position":1,"name":"Accueil","item":"https:\/\/real-estate-mauritius.mu\/en\/"},{"@type":"ListItem","position":2,"name":"Property"}]},{"@type":"WebSite","@id":"https:\/\/real-estate-mauritius.mu\/en\/#website","url":"https:\/\/real-estate-mauritius.mu\/en\/","name":"Westimmo - Luxury Real Estate Mauritius","description":"Votre vision, notre mission : un accompagnement personnalis\u00e9 et sans faille","publisher":{"@id":"https:\/\/real-estate-mauritius.mu\/en\/#organization"},"alternateName":"Westimmo","potentialAction":[{"@type":"SearchAction","target":{"@type":"EntryPoint","urlTemplate":"https:\/\/real-estate-mauritius.mu\/en\/?s={search_term_string}"},"query-input":{"@type":"PropertyValueSpecification","valueRequired":true,"valueName":"search_term_string"}}],"inLanguage":"en-US"},{"@type":"Organization","@id":"https:\/\/real-estate-mauritius.mu\/en\/#organization","name":"Westimmo - Luxury Real Estate Mauritius","alternateName":"Westimmo Real Estate Mauritius","url":"https:\/\/real-estate-mauritius.mu\/en\/","logo":{"@type":"ImageObject","inLanguage":"en-US","@id":"https:\/\/real-estate-mauritius.mu\/en\/#\/schema\/logo\/image\/","url":"https:\/\/real-estate-mauritius.mu\/wp-content\/uploads\/Reall-estate-agency-in-mauritius-Luxury-real-estate-by-Westimmo.jpg","contentUrl":"https:\/\/real-estate-mauritius.mu\/wp-content\/uploads\/Reall-estate-agency-in-mauritius-Luxury-real-estate-by-Westimmo.jpg","width":696,"height":696,"caption":"Westimmo - Luxury Real Estate Mauritius"},"image":{"@id":"https:\/\/real-estate-mauritius.mu\/en\/#\/schema\/logo\/image\/"},"sameAs":["https:\/\/www.facebook.com\/westimmo.real.estate","https:\/\/x.com\/westimmolive","https:\/\/www.instagram.com\/westimmomauritius\/","https:\/\/www.linkedin.com\/in\/westimmo-real-estate-mauritius\/","https:\/\/www.youtube.com\/@realestatemauritius","https:\/\/wa.me\/23054834666","https:\/\/wa.me\/23057406021"],"description":"Agence immobili\u00e8re 3.0 Nous b\u00e9n\u00e9ficions d\u2019une solide r\u00e9putation sur l\u2019\u00eele Maurice et des partenaires de confiance \u00e0 l\u2019international. Forts de 15 ans d\u2019exp\u00e9rience dans le secteur du luxe \u00e0 Meg\u00e8ve, Monaco et Gen\u00e8ve, nous offrons une qualit\u00e9 de service haut de gamme avec un suivi personnalis\u00e9.","email":"westimmo@gmx.fr","telephone":"+23057406021","legalName":"Westimmo","numberOfEmployees":{"@type":"QuantitativeValue","minValue":"1","maxValue":"10"}}]}},"_links":{"self":[{"href":"https:\/\/real-estate-mauritius.mu\/en\/wp-json\/wp\/v2\/pages\/321887","targetHints":{"allow":["GET"]}}],"collection":[{"href":"https:\/\/real-estate-mauritius.mu\/en\/wp-json\/wp\/v2\/pages"}],"about":[{"href":"https:\/\/real-estate-mauritius.mu\/en\/wp-json\/wp\/v2\/types\/page"}],"author":[{"embeddable":true,"href":"https:\/\/real-estate-mauritius.mu\/en\/wp-json\/wp\/v2\/users\/1"}],"replies":[{"embeddable":true,"href":"https:\/\/real-estate-mauritius.mu\/en\/wp-json\/wp\/v2\/comments?post=321887"}],"version-history":[{"count":1,"href":"https:\/\/real-estate-mauritius.mu\/en\/wp-json\/wp\/v2\/pages\/321887\/revisions"}],"predecessor-version":[{"id":321888,"href":"https:\/\/real-estate-mauritius.mu\/en\/wp-json\/wp\/v2\/pages\/321887\/revisions\/321888"}],"wp:attachment":[{"href":"https:\/\/real-estate-mauritius.mu\/en\/wp-json\/wp\/v2\/media?parent=321887"}],"curies":[{"name":"wp","href":"https:\/\/api.w.org\/{rel}","templated":true}]}}